{"id":166,"date":"2009-04-28T16:04:19","date_gmt":"2009-04-28T14:04:19","guid":{"rendered":"https:\/\/vttuatu.ddns.net\/wordpress\/?page_id=166"},"modified":"2020-08-18T21:36:24","modified_gmt":"2020-08-18T19:36:24","slug":"carnet-de-route","status":"publish","type":"page","link":"https:\/\/vttuatu.ddns.net\/index.php\/carnet-de-route\/","title":{"rendered":"Carnet de route"},"content":{"rendered":"<p class=\"MsoNormal\" style=\"text-align: center;\"><strong><span style=\"font-size: 11pt; font-family: Arial;\">Le chiffre ci-dessous repr\u00e9sente le kilom\u00e9trage total <\/span><\/strong><\/p>\n<p class=\"MsoNormal\" style=\"text-align: center;\"><strong><span style=\"font-size: 11pt; font-family: Arial;\">que j\u2019ai parcouru depuis le <em>02 Avril 2006<\/em> (en fait depuis que j&#8217;ai un compteur \ud83d\ude42<\/span><\/strong><\/p>\n<table style=\"height: 122px;\" border=\"1\" width=\"620\" align=\"center\">\n<tbody>\n<tr>\n<td colspan=\"5\">\n<div>\n<p style=\"text-align: center; color: red;\"><strong>43 157,55<\/strong><\/p>\n<\/div>\n<\/td>\n<\/tr>\n<tr>\n<td style=\"text-align: center;\" width=\"155\"><strong>EXS<\/strong>:<br>10966,7<\/td>\n<td style=\"text-align: center;\" width=\"155\"><strong>M4<\/strong>:<br><del>8650,65<br><\/del>jusqu&#8217;au 17\/07\/16<\/td>\n<td style=\"text-align: center;\" width=\"165\"><strong>12k<\/strong>:<br><del>2054,5<br><\/del>jusqu&#8217;au 05\/05\/13<\/td>\n<td style=\"text-align: center;\" width=\"155\"><strong>Canyon<\/strong>:<br>14046,7[<em><strong>route<\/strong><\/em>]<br>6818,2 [<em><strong>VTT<\/strong><\/em>]<\/td>\n<td style=\"text-align: center;\" width=\"165\"><strong>Open UP<\/strong>:<br>588,6<\/td>\n<\/tr>\n<\/tbody>\n<\/table>\n<table style=\"height: 519px;\" border=\"1\" width=\"620\" align=\"center\">\n<tbody>\n<tr>\n<td>&nbsp;<\/td>\n<td>\n<div><strong>Km Total<\/strong><\/div>\n<\/td>\n<td>\n<div><strong>Nb de sorties<\/strong><\/div>\n<\/td>\n<td>\n<div style=\"text-align: center;\"><strong>Distance Moy.<\/strong><\/div>\n<\/td>\n<td>\n<div><strong>Vitesse Moy.<\/strong><\/div>\n<\/td>\n<td>\n<div><strong>Vitesse Max<\/strong><\/div>\n<\/td>\n<td>\n<div><strong>D+ Moy.\/Cumul<\/strong><\/div>\n<\/td>\n<td>\n<div><strong>Nb d&#8217;Heures<\/strong><\/div>\n<\/td>\n<\/tr>\n<tr>\n<td><a href=\"\/vtt2006.htm\"><strong>2006<\/strong><\/a><\/td>\n<td>\n<div>1510,8<\/div>\n<\/td>\n<td>\n<div>46<\/div>\n<\/td>\n<td>\n<div>32,84<\/div>\n<\/td>\n<td>\n<div>14,71<\/div>\n<\/td>\n<td>\n<div>58,8<\/div>\n<\/td>\n<td>&#8211;<\/td>\n<td>\n<div>73:08<\/div>\n<\/td>\n<\/tr>\n<tr>\n<td><a href=\"\/vtt2007.htm\"><strong>2007<\/strong><\/a><\/td>\n<td>\n<div>1791,9<\/div>\n<\/td>\n<td>\n<div>44<\/div>\n<\/td>\n<td>\n<div>40,73<\/div>\n<\/td>\n<td>\n<div>14,43<\/div>\n<\/td>\n<td>\n<div>60,8<\/div>\n<\/td>\n<td>&#8211;<\/td>\n<td>\n<div>122:02<\/div>\n<\/td>\n<\/tr>\n<tr>\n<td><a href=\"\/vtt2008.htm\"><strong>2008<\/strong><\/a><\/td>\n<td>\n<div>2081,85<\/div>\n<\/td>\n<td>\n<div>45<\/div>\n<\/td>\n<td>\n<div>46,26<\/div>\n<\/td>\n<td>\n<div>14,29<\/div>\n<\/td>\n<td>\n<div>58,1<\/div>\n<\/td>\n<td>616 \/ 27113<\/td>\n<td>\n<div>145:11<\/div>\n<\/td>\n<\/tr>\n<tr>\n<td><a href=\"\/vtt2009.htm\"><strong>2009<\/strong><\/a><\/td>\n<td>\n<div>2735,8<\/div>\n<\/td>\n<td>\n<div>58<\/div>\n<\/td>\n<td>\n<div>47,17<\/div>\n<\/td>\n<td>\n<div>15,04<\/div>\n<\/td>\n<td>60,2<\/td>\n<td>608 \/ 31591<\/td>\n<td>\n<div>182:14<\/div>\n<\/td>\n<\/tr>\n<tr>\n<td><a href=\"\/vtt2010.htm\"><strong>2010<\/strong><\/a><\/td>\n<td>\n<div>2682,4<\/div>\n<\/td>\n<td>61<\/td>\n<td>\n<div>43,97<\/div>\n<\/td>\n<td>\n<div>15,24<\/div>\n<\/td>\n<td>55,8<\/td>\n<td>634 \/ 29180<\/td>\n<td>\n<div>177:10<\/div>\n<\/td>\n<\/tr>\n<tr>\n<td><a href=\"\/vtt2011.htm\"><strong>2011<\/strong><\/a><\/td>\n<td>3682,9<\/td>\n<td>77<\/td>\n<td>48,22<\/td>\n<td>17,28<\/td>\n<td>59,3<\/td>\n<td>754 \/34685<\/td>\n<td>212:20<\/td>\n<\/tr>\n<tr>\n<td><a href=\"\/vtt2012.htm\"><strong>2012<\/strong><\/a><\/td>\n<td>3555,1<\/td>\n<td>64<\/td>\n<td>56,5<\/td>\n<td>17,03<\/td>\n<td>56,5<\/td>\n<td>768 \/ 33814<\/td>\n<td>200:55<\/td>\n<\/tr>\n<tr>\n<td><a href=\"\/vtt2013.htm\"><strong>2013<\/strong><\/a><\/td>\n<td>3656,5<\/td>\n<td>60<\/td>\n<td>60,94<\/td>\n<td>17,19<\/td>\n<td>58,2<\/td>\n<td>843 \/ 37111<\/td>\n<td>212:31<\/td>\n<\/tr>\n<tr>\n<td><a href=\"\/vtt2014.htm\"><strong>2014<\/strong><\/a><\/td>\n<td>3758,2<\/td>\n<td>65<\/td>\n<td>58,72<\/td>\n<td>17,07<\/td>\n<td>60,5<\/td>\n<td>921 \/ 41448<\/td>\n<td>219:42<\/td>\n<\/tr>\n<tr>\n<td><a href=\"\/vtt2015.htm\"><strong>2015<\/strong><\/a><\/td>\n<td>3384,9<\/td>\n<td>55<\/td>\n<td>62,36<\/td>\n<td>17,91<\/td>\n<td>60,4<\/td>\n<td>902 \/ 38819<\/td>\n<td>172:19<\/td>\n<\/tr>\n<tr>\n<td><a href=\"\/vtt2016.htm\"><strong>2016<\/strong><\/a><\/td>\n<td>3203,4<\/td>\n<td>52<\/td>\n<td>61,28<\/td>\n<td>17,77<\/td>\n<td>61,6<\/td>\n<td>921 \/ 37783<\/td>\n<td>176:39<\/td>\n<\/tr>\n<tr>\n<td><a href=\"\/vtt2017.htm\"><strong>2017<\/strong><\/a><\/td>\n<td>3843,7<\/td>\n<td>92<\/td>\n<td>47,78<\/td>\n<td>17,67<\/td>\n<td>59,6<\/td>\n<td>950\/40868<\/td>\n<td>198:17<\/td>\n<\/tr>\n<tr>\n<td><a href=\"\/vtt2018.htm\"><strong>2018<\/strong><\/a><\/td>\n<td>3859,3<\/td>\n<td>148<\/td>\n<td>63,59<\/td>\n<td>21,85 r <br>13,59 v<\/td>\n<td>61,2<\/td>\n<td>937\/41235<\/td>\n<td>230:52<\/td>\n<\/tr>\n<tr>\n<td><a href=\"\/BikeandRun2019.htm\"><strong>2019<\/strong><\/a><\/td>\n<td>3451,4<\/td>\n<td>97<\/td>\n<td>54,78<\/td>\n<td>21,91 r <br>15,61 v<\/td>\n<td>59,1<\/td>\n<td>875\/35882<\/td>\n<td>227:09<\/td>\n<\/tr>\n<\/tbody>\n<\/table>\n<p>Derni\u00e8re m\u00e0j : &nbsp;<strong><em>31 D\u00e9cembre 2019<\/em><\/strong><\/p>\n\n\n<p><\/p>\n","protected":false},"excerpt":{"rendered":"<p>Le chiffre ci-dessous repr\u00e9sente le kilom\u00e9trage total que j\u2019ai parcouru depuis le 02 Avril 2006 (en fait depuis que j&#8217;ai un compteur \ud83d\ude42 43 157,55 EXS:10966,7 M4:8650,65jusqu&#8217;au 17\/07\/16 12k:2054,5jusqu&#8217;au 05\/05\/13 Canyon:14046,7[route]6818,2 [VTT] Open UP:588,6 &nbsp; Km Total Nb de sorties Distance Moy. Vitesse Moy. Vitesse Max D+ Moy.\/Cumul Nb d&#8217;Heures 2006 1510,8 46 32,84 14,71 &hellip; <\/p>\n<p class=\"link-more\"><a href=\"https:\/\/vttuatu.ddns.net\/index.php\/carnet-de-route\/\" class=\"more-link\">Continue reading<span class=\"screen-reader-text\"> &#8220;Carnet de route&#8221;<\/span><\/a><\/p>\n","protected":false},"author":4,"featured_media":0,"parent":0,"menu_order":1,"comment_status":"closed","ping_status":"closed","template":"","meta":{"footnotes":""},"class_list":["post-166","page","type-page","status-publish","hentry"],"_links":{"self":[{"href":"https:\/\/vttuatu.ddns.net\/index.php\/wp-json\/wp\/v2\/pages\/166","targetHints":{"allow":["GET"]}}],"collection":[{"href":"https:\/\/vttuatu.ddns.net\/index.php\/wp-json\/wp\/v2\/pages"}],"about":[{"href":"https:\/\/vttuatu.ddns.net\/index.php\/wp-json\/wp\/v2\/types\/page"}],"author":[{"embeddable":true,"href":"https:\/\/vttuatu.ddns.net\/index.php\/wp-json\/wp\/v2\/users\/4"}],"replies":[{"embeddable":true,"href":"https:\/\/vttuatu.ddns.net\/index.php\/wp-json\/wp\/v2\/comments?post=166"}],"version-history":[{"count":13,"href":"https:\/\/vttuatu.ddns.net\/index.php\/wp-json\/wp\/v2\/pages\/166\/revisions"}],"predecessor-version":[{"id":5227,"href":"https:\/\/vttuatu.ddns.net\/index.php\/wp-json\/wp\/v2\/pages\/166\/revisions\/5227"}],"wp:attachment":[{"href":"https:\/\/vttuatu.ddns.net\/index.php\/wp-json\/wp\/v2\/media?parent=166"}],"curies":[{"name":"wp","href":"https:\/\/api.w.org\/{rel}","templated":true}]}}